{"id":25,"date":"2021-04-09T18:58:45","date_gmt":"2021-04-09T18:58:45","guid":{"rendered":"https:\/\/grupcomtec.com\/?page_id=25"},"modified":"2023-08-24T07:12:25","modified_gmt":"2023-08-24T07:12:25","slug":"blog","status":"publish","type":"page","link":"https:\/\/grupcomtec.com\/ca\/blog\/","title":{"rendered":"Blog"},"content":{"rendered":"<p><div class=\"fusion-fullwidth fullwidth-box fusion-builder-row-1 fusion-flex-container nonhundred-percent-fullwidth non-hundred-percent-height-scrolling\" style=\"--awb-border-radius-top-left:0px;--awb-border-radius-top-right:0px;--awb-border-radius-bottom-right:0px;--awb-border-radius-bottom-left:0px;--awb-padding-top:1.5vw;--awb-padding-right:5vw;--awb-padding-bottom:1.5vw;--awb-padding-left:5vw;--awb-padding-top-medium:0px;--awb-padding-bottom-medium:0px;--awb-margin-bottom:80px;--awb-margin-bottom-medium:60px;--awb-margin-bottom-small:48px;--awb-flex-wrap:wrap;\" ><div class=\"fusion-builder-row fusion-row fusion-flex-align-items-flex-end fusion-flex-content-wrap\" style=\"max-width:1310.4px;margin-left: calc(-4% \/ 2 );margin-right: calc(-4% \/ 2 );\"><div class=\"fusion-layout-column fusion_builder_column fusion-builder-column-0 fusion-flex-column fusion-animated\" style=\"--awb-bg-size:cover;--awb-width-large:62%;--awb-margin-top-large:0px;--awb-spacing-right-large:3.0967741935484%;--awb-margin-bottom-large:0px;--awb-spacing-left-large:3.0967741935484%;--awb-width-medium:50%;--awb-order-medium:0;--awb-spacing-right-medium:3.84%;--awb-spacing-left-medium:3.84%;--awb-width-small:100%;--awb-order-small:0;--awb-spacing-right-small:1.92%;--awb-margin-bottom-small:20px;--awb-spacing-left-small:1.92%;\" data-animationType=\"fadeInDown\" data-animationDuration=\"1.3\" data-animationOffset=\"top-into-view\"><div class=\"fusion-column-wrapper fusion-column-has-shadow fusion-flex-justify-content-center fusion-content-layout-column\"><div class=\"fusion-title title fusion-title-1 fusion-no-small-visibility fusion-no-medium-visibility fusion-sep-none fusion-title-text fusion-title-size-one\"><h1 class=\"fusion-title-heading title-heading-left\" style=\"margin:0;\">Blog<\/h1><\/div><div class=\"fusion-title title fusion-title-2 fusion-no-large-visibility fusion-sep-none fusion-title-text fusion-title-size-one\" style=\"--awb-font-size:30px;\"><h1 class=\"fusion-title-heading title-heading-left\" style=\"margin:0;font-size:1em;\">Blog<\/h1><\/div><\/div><\/div><\/div><\/div><div class=\"fusion-fullwidth fullwidth-box fusion-builder-row-2 fusion-flex-container hundred-percent-fullwidth non-hundred-percent-height-scrolling\" style=\"--awb-border-radius-top-left:0px;--awb-border-radius-top-right:0px;--awb-border-radius-bottom-right:0px;--awb-border-radius-bottom-left:0px;--awb-padding-right:5vw;--awb-padding-left:5vw;--awb-flex-wrap:wrap;\" ><div class=\"fusion-builder-row fusion-row fusion-flex-align-items-flex-start fusion-flex-content-wrap\" style=\"width:104% !important;max-width:104% !important;margin-left: calc(-4% \/ 2 );margin-right: calc(-4% \/ 2 );\"><div class=\"fusion-layout-column fusion_builder_column fusion-builder-column-1 fusion_builder_column_1_1 1_1 fusion-flex-column\" style=\"--awb-bg-size:cover;--awb-width-large:100%;--awb-margin-top-large:0px;--awb-spacing-right-large:1.92%;--awb-margin-bottom-large:20px;--awb-spacing-left-large:1.92%;--awb-width-medium:100%;--awb-order-medium:0;--awb-spacing-right-medium:1.92%;--awb-spacing-left-medium:1.92%;--awb-width-small:100%;--awb-order-small:0;--awb-spacing-right-small:1.92%;--awb-spacing-left-small:1.92%;\"><div class=\"fusion-column-wrapper fusion-column-has-shadow fusion-flex-justify-content-flex-start fusion-content-layout-column\"><div class=\"fusion-post-cards fusion-post-cards-1 fusion-delayed-animation fusion-grid-archive fusion-grid-columns-3\" style=\"--awb-column-spacing:70px;--awb-columns:3;--awb-row-spacing:80px;--awb-filters-alignment-medium:;--awb-filters-alignment-small:;\" data-animationType=\"fadeInUp\" data-animationDuration=\"0.9\" data-animationOffset=\"top-into-view\" data-animation-delay=\"0.3\"><div><ul class=\"fusion-filters\" role=\"menu\" aria-label=\"Post Filters\"><li role=\"presentation\" class=\"fusion-filter fusion-filter-all fusion-active\"><a href=\"#\" data-filter=\"*\" role=\"menuitem\">All<\/a><\/li><li role=\"presentation\" class=\"fusion-filter fusion-hidden\"><a href=\"#\" data-filter=\".onap-erp\" role=\"menuitem\">ONAP ERP<\/a><\/li><li role=\"presentation\" class=\"fusion-filter fusion-hidden\"><a href=\"#\" data-filter=\".tecnologies\" role=\"menuitem\">Tecnologies<\/a><\/li><li role=\"presentation\" class=\"fusion-filter fusion-hidden\"><a href=\"#\" data-filter=\".tendencies\" role=\"menuitem\">Tend\u00e8ncies<\/a><\/li><\/ul><\/div><ul class=\"fusion-grid fusion-grid-3 fusion-flex-align-items-flex-start fusion-grid-posts-cards fusion-grid-container-infinite\" data-pages=\"1\"><li class=\"fusion-layout-column fusion_builder_column fusion-builder-column-2 fusion-flex-column post-card fusion-grid-column fusion-post-cards-grid-column onap-erp fusion-animated\" style=\"--awb-bg-blend:overlay;--awb-bg-size:cover;\"><div class=\"fusion-column-wrapper fusion-column-has-shadow fusion-flex-justify-content-flex-start fusion-content-layout-column\"><div class=\"fusion-classic-product-image-wrapper fusion-woo-product-image fusion-post-card-image fusion-post-card-image-1\" data-layout=\"static\" style=\"--awb-margin-bottom:40px;--awb-border-radius-top-left:8px;--awb-border-radius-top-right:8px;--awb-border-radius-bottom-right:8px;--awb-border-radius-bottom-left:8px;\"><div  class=\"fusion-image-wrapper\" aria-haspopup=\"true\">\n\t\t\t\t\t\t\t<a href=\"https:\/\/grupcomtec.com\/ca\/blog\/onap-erp\/que-es-la-factura-electronica\/\" aria-label=\"Qu\u00e9 \u00e9s la factura electr\u00f3nica?\">\n\t\t\t\t\t\t\t<img decoding=\"async\" width=\"1260\" height=\"665\" src=\"https:\/\/grupcomtec.com\/wp-content\/uploads\/2023\/08\/3-1.jpg\" class=\"attachment-full size-full lazyload wp-post-image\" alt=\"Com es fa la factura electr\u00f3nica\" srcset=\"data:image\/svg+xml,%3Csvg%20xmlns%3D%27http%3A%2F%2Fwww.w3.org%2F2000%2Fsvg%27%20width%3D%271260%27%20height%3D%27665%27%20viewBox%3D%270%200%201260%20665%27%3E%3Crect%20width%3D%271260%27%20height%3D%27665%27%20fill-opacity%3D%220%22%2F%3E%3C%2Fsvg%3E\" data-orig-src=\"https:\/\/grupcomtec.com\/wp-content\/uploads\/2023\/08\/3-1.jpg\" data-srcset=\"https:\/\/grupcomtec.com\/wp-content\/uploads\/2023\/08\/3-1-200x106.jpg 200w, https:\/\/grupcomtec.com\/wp-content\/uploads\/2023\/08\/3-1-400x211.jpg 400w, https:\/\/grupcomtec.com\/wp-content\/uploads\/2023\/08\/3-1-600x317.jpg 600w, https:\/\/grupcomtec.com\/wp-content\/uploads\/2023\/08\/3-1-800x422.jpg 800w, https:\/\/grupcomtec.com\/wp-content\/uploads\/2023\/08\/3-1-1200x633.jpg 1200w, https:\/\/grupcomtec.com\/wp-content\/uploads\/2023\/08\/3-1.jpg 1260w\" data-sizes=\"auto\" \/>\t\t\t<\/a>\n\t\t\t\t\t\t\t<\/div>\n<\/div><div class=\"fusion-title title fusion-title-3 fusion-sep-none fusion-title-center fusion-title-text fusion-title-size-two\" style=\"--awb-margin-top:0px;--awb-margin-bottom:10px;--awb-link-color:var(--awb-color8);--awb-font-size:19px;\"><h2 class=\"fusion-title-heading title-heading-center\" style=\"font-family:var(--awb-custom_typography_1-font-family);font-weight:var(--awb-custom_typography_1-font-weight);font-style:var(--awb-custom_typography_1-font-style);margin:0;font-size:1em;letter-spacing:var(--awb-custom_typography_1-letter-spacing);text-transform:var(--awb-custom_typography_1-text-transform);line-height:var(--awb-custom_typography_1-line-height);\"><a href=\"https:\/\/grupcomtec.com\/ca\/blog\/onap-erp\/que-es-la-factura-electronica\/\" class=\"awb-custom-text-color awb-custom-text-hover-color\" target=\"_self\">Qu\u00e9 \u00e9s la factura electr\u00f3nica?<\/a><\/h2><\/div><div class=\"fusion-text fusion-text-1 fusion-text-no-margin\" style=\"--awb-content-alignment:center;--awb-font-size:16px;\"><\/div><\/div><\/li>\n<li class=\"fusion-layout-column fusion_builder_column fusion-builder-column-3 fusion-flex-column post-card fusion-grid-column fusion-post-cards-grid-column tecnologies fusion-animated\" style=\"--awb-bg-blend:overlay;--awb-bg-size:cover;\"><div class=\"fusion-column-wrapper fusion-column-has-shadow fusion-flex-justify-content-flex-start fusion-content-layout-column\"><div class=\"fusion-classic-product-image-wrapper fusion-woo-product-image fusion-post-card-image fusion-post-card-image-1\" data-layout=\"static\" style=\"--awb-margin-bottom:40px;--awb-border-radius-top-left:8px;--awb-border-radius-top-right:8px;--awb-border-radius-bottom-right:8px;--awb-border-radius-bottom-left:8px;\"><div  class=\"fusion-image-wrapper\" aria-haspopup=\"true\">\n\t\t\t\t\t\t\t<a href=\"https:\/\/grupcomtec.com\/ca\/blog\/tecnologies\/la-intelligencia-artificial-amiga-o-enemic-explorant-els-mites-i-realitats\/\" aria-label=\"La Intel\u00b7lig\u00e8ncia Artificial: Amiga o Enemic? Explorant els Mites i Realitats\">\n\t\t\t\t\t\t\t<img decoding=\"async\" width=\"1260\" height=\"665\" src=\"https:\/\/grupcomtec.com\/wp-content\/uploads\/2023\/08\/2-1.jpg\" class=\"attachment-full size-full lazyload wp-post-image\" alt=\"Mites i realitats sobre la intel\u00b7lig\u00e8ncia artificial\" srcset=\"data:image\/svg+xml,%3Csvg%20xmlns%3D%27http%3A%2F%2Fwww.w3.org%2F2000%2Fsvg%27%20width%3D%271260%27%20height%3D%27665%27%20viewBox%3D%270%200%201260%20665%27%3E%3Crect%20width%3D%271260%27%20height%3D%27665%27%20fill-opacity%3D%220%22%2F%3E%3C%2Fsvg%3E\" data-orig-src=\"https:\/\/grupcomtec.com\/wp-content\/uploads\/2023\/08\/2-1.jpg\" data-srcset=\"https:\/\/grupcomtec.com\/wp-content\/uploads\/2023\/08\/2-1-200x106.jpg 200w, https:\/\/grupcomtec.com\/wp-content\/uploads\/2023\/08\/2-1-400x211.jpg 400w, https:\/\/grupcomtec.com\/wp-content\/uploads\/2023\/08\/2-1-600x317.jpg 600w, https:\/\/grupcomtec.com\/wp-content\/uploads\/2023\/08\/2-1-800x422.jpg 800w, https:\/\/grupcomtec.com\/wp-content\/uploads\/2023\/08\/2-1-1200x633.jpg 1200w, https:\/\/grupcomtec.com\/wp-content\/uploads\/2023\/08\/2-1.jpg 1260w\" data-sizes=\"auto\" \/>\t\t\t<\/a>\n\t\t\t\t\t\t\t<\/div>\n<\/div><div class=\"fusion-title title fusion-title-4 fusion-sep-none fusion-title-center fusion-title-text fusion-title-size-two\" style=\"--awb-margin-top:0px;--awb-margin-bottom:10px;--awb-link-color:var(--awb-color8);--awb-font-size:19px;\"><h2 class=\"fusion-title-heading title-heading-center\" style=\"font-family:var(--awb-custom_typography_1-font-family);font-weight:var(--awb-custom_typography_1-font-weight);font-style:var(--awb-custom_typography_1-font-style);margin:0;font-size:1em;letter-spacing:var(--awb-custom_typography_1-letter-spacing);text-transform:var(--awb-custom_typography_1-text-transform);line-height:var(--awb-custom_typography_1-line-height);\"><a href=\"https:\/\/grupcomtec.com\/ca\/blog\/tecnologies\/la-intelligencia-artificial-amiga-o-enemic-explorant-els-mites-i-realitats\/\" class=\"awb-custom-text-color awb-custom-text-hover-color\" target=\"_self\">La Intel\u00b7lig\u00e8ncia Artificial: Amiga o Enemic? Explorant els Mites i Realitats<\/a><\/h2><\/div><div class=\"fusion-text fusion-text-2 fusion-text-no-margin\" style=\"--awb-content-alignment:center;--awb-font-size:16px;\"><\/div><\/div><\/li>\n<li class=\"fusion-layout-column fusion_builder_column fusion-builder-column-4 fusion-flex-column post-card fusion-grid-column fusion-post-cards-grid-column tendencies fusion-animated\" style=\"--awb-bg-blend:overlay;--awb-bg-size:cover;\"><div class=\"fusion-column-wrapper fusion-column-has-shadow fusion-flex-justify-content-flex-start fusion-content-layout-column\"><div class=\"fusion-classic-product-image-wrapper fusion-woo-product-image fusion-post-card-image fusion-post-card-image-1\" data-layout=\"static\" style=\"--awb-margin-bottom:40px;--awb-border-radius-top-left:8px;--awb-border-radius-top-right:8px;--awb-border-radius-bottom-right:8px;--awb-border-radius-bottom-left:8px;\"><div  class=\"fusion-image-wrapper\" aria-haspopup=\"true\">\n\t\t\t\t\t\t\t<a href=\"https:\/\/grupcomtec.com\/ca\/blog\/tendencies\/avantatges-software-web\/\" aria-label=\"Avantatges de treballar amb un software web\">\n\t\t\t\t\t\t\t<img decoding=\"async\" width=\"1260\" height=\"665\" src=\"https:\/\/grupcomtec.com\/wp-content\/uploads\/2023\/08\/1-1.jpg\" class=\"attachment-full size-full lazyload wp-post-image\" alt=\"Avantatges de treballar amb un software web\" srcset=\"data:image\/svg+xml,%3Csvg%20xmlns%3D%27http%3A%2F%2Fwww.w3.org%2F2000%2Fsvg%27%20width%3D%271260%27%20height%3D%27665%27%20viewBox%3D%270%200%201260%20665%27%3E%3Crect%20width%3D%271260%27%20height%3D%27665%27%20fill-opacity%3D%220%22%2F%3E%3C%2Fsvg%3E\" data-orig-src=\"https:\/\/grupcomtec.com\/wp-content\/uploads\/2023\/08\/1-1.jpg\" data-srcset=\"https:\/\/grupcomtec.com\/wp-content\/uploads\/2023\/08\/1-1-200x106.jpg 200w, https:\/\/grupcomtec.com\/wp-content\/uploads\/2023\/08\/1-1-400x211.jpg 400w, https:\/\/grupcomtec.com\/wp-content\/uploads\/2023\/08\/1-1-600x317.jpg 600w, https:\/\/grupcomtec.com\/wp-content\/uploads\/2023\/08\/1-1-800x422.jpg 800w, https:\/\/grupcomtec.com\/wp-content\/uploads\/2023\/08\/1-1-1200x633.jpg 1200w, https:\/\/grupcomtec.com\/wp-content\/uploads\/2023\/08\/1-1.jpg 1260w\" data-sizes=\"auto\" \/>\t\t\t<\/a>\n\t\t\t\t\t\t\t<\/div>\n<\/div><div class=\"fusion-title title fusion-title-5 fusion-sep-none fusion-title-center fusion-title-text fusion-title-size-two\" style=\"--awb-margin-top:0px;--awb-margin-bottom:10px;--awb-link-color:var(--awb-color8);--awb-font-size:19px;\"><h2 class=\"fusion-title-heading title-heading-center\" style=\"font-family:var(--awb-custom_typography_1-font-family);font-weight:var(--awb-custom_typography_1-font-weight);font-style:var(--awb-custom_typography_1-font-style);margin:0;font-size:1em;letter-spacing:var(--awb-custom_typography_1-letter-spacing);text-transform:var(--awb-custom_typography_1-text-transform);line-height:var(--awb-custom_typography_1-line-height);\"><a href=\"https:\/\/grupcomtec.com\/ca\/blog\/tendencies\/avantatges-software-web\/\" class=\"awb-custom-text-color awb-custom-text-hover-color\" target=\"_self\">Avantatges de treballar amb un software web<\/a><\/h2><\/div><div class=\"fusion-text fusion-text-3 fusion-text-no-margin\" style=\"--awb-content-alignment:center;--awb-font-size:16px;\"><\/div><\/div><\/li>\n<\/ul><\/div><\/div><\/div><\/div><\/div><\/p>\n","protected":false},"excerpt":{"rendered":"","protected":false},"author":2,"featured_media":0,"parent":0,"menu_order":0,"comment_status":"closed","ping_status":"closed","template":"100-width.php","meta":{"footnotes":""},"class_list":["post-25","page","type-page","status-publish","hentry"],"yoast_head":"<!-- This site is optimized with the Yoast SEO plugin v25.2 - https:\/\/yoast.com\/wordpress\/plugins\/seo\/ -->\n<title>Blog - Grup ComTec<\/title>\n<meta name=\"description\" content=\"Blog Grup ComTec sobre temes de Tecnologia, ONAP ERP i Tend\u00e8ncies. Consultoria i Assessoria digital per la transformaci\u00f3 digital.\" \/>\n<meta name=\"robots\" content=\"index, follow, max-snippet:-1, max-image-preview:large, max-video-preview:-1\" \/>\n<link rel=\"canonical\" href=\"https:\/\/grupcomtec.com\/ca\/blog\/\" \/>\n<meta property=\"og:locale\" content=\"ca_ES\" \/>\n<meta property=\"og:type\" content=\"article\" \/>\n<meta property=\"og:title\" content=\"Blog - Grup ComTec\" \/>\n<meta property=\"og:description\" content=\"Blog Grup ComTec sobre temes de Tecnologia, ONAP ERP i Tend\u00e8ncies. Consultoria i Assessoria digital per la transformaci\u00f3 digital.\" \/>\n<meta property=\"og:url\" content=\"https:\/\/grupcomtec.com\/ca\/blog\/\" \/>\n<meta property=\"og:site_name\" content=\"Grup ComTec\" \/>\n<meta property=\"article:modified_time\" content=\"2023-08-24T07:12:25+00:00\" \/>\n<meta name=\"twitter:card\" content=\"summary_large_image\" \/>\n<meta name=\"twitter:label1\" content=\"Temps estimat de lectura\" \/>\n\t<meta name=\"twitter:data1\" content=\"2 minuts\" \/>\n<script type=\"application\/ld+json\" class=\"yoast-schema-graph\">{\"@context\":\"https:\/\/schema.org\",\"@graph\":[{\"@type\":\"WebPage\",\"@id\":\"https:\/\/grupcomtec.com\/ca\/blog\/\",\"url\":\"https:\/\/grupcomtec.com\/ca\/blog\/\",\"name\":\"Blog - Grup ComTec\",\"isPartOf\":{\"@id\":\"https:\/\/grupcomtec.com\/ca\/#website\"},\"datePublished\":\"2021-04-09T18:58:45+00:00\",\"dateModified\":\"2023-08-24T07:12:25+00:00\",\"description\":\"Blog Grup ComTec sobre temes de Tecnologia, ONAP ERP i Tend\u00e8ncies. Consultoria i Assessoria digital per la transformaci\u00f3 digital.\",\"breadcrumb\":{\"@id\":\"https:\/\/grupcomtec.com\/ca\/blog\/#breadcrumb\"},\"inLanguage\":\"ca\",\"potentialAction\":[{\"@type\":\"ReadAction\",\"target\":[\"https:\/\/grupcomtec.com\/ca\/blog\/\"]}]},{\"@type\":\"BreadcrumbList\",\"@id\":\"https:\/\/grupcomtec.com\/ca\/blog\/#breadcrumb\",\"itemListElement\":[{\"@type\":\"ListItem\",\"position\":1,\"name\":\"Inici\",\"item\":\"https:\/\/grupcomtec.com\/ca\/\"},{\"@type\":\"ListItem\",\"position\":2,\"name\":\"Blog\"}]},{\"@type\":\"WebSite\",\"@id\":\"https:\/\/grupcomtec.com\/ca\/#website\",\"url\":\"https:\/\/grupcomtec.com\/ca\/\",\"name\":\"Grup ComTec\",\"description\":\"Consultoria i assessoria en ERPs per PIMES\",\"publisher\":{\"@id\":\"https:\/\/grupcomtec.com\/ca\/#organization\"},\"potentialAction\":[{\"@type\":\"SearchAction\",\"target\":{\"@type\":\"EntryPoint\",\"urlTemplate\":\"https:\/\/grupcomtec.com\/ca\/?s={search_term_string}\"},\"query-input\":{\"@type\":\"PropertyValueSpecification\",\"valueRequired\":true,\"valueName\":\"search_term_string\"}}],\"inLanguage\":\"ca\"},{\"@type\":\"Organization\",\"@id\":\"https:\/\/grupcomtec.com\/ca\/#organization\",\"name\":\"Grup ComTec\",\"url\":\"https:\/\/grupcomtec.com\/ca\/\",\"logo\":{\"@type\":\"ImageObject\",\"inLanguage\":\"ca\",\"@id\":\"https:\/\/grupcomtec.com\/ca\/#\/schema\/logo\/image\/\",\"url\":\"https:\/\/grupcomtec.com\/wp-content\/uploads\/2023\/06\/Icones-Data-Studio-2.png\",\"contentUrl\":\"https:\/\/grupcomtec.com\/wp-content\/uploads\/2023\/06\/Icones-Data-Studio-2.png\",\"width\":500,\"height\":500,\"caption\":\"Grup ComTec\"},\"image\":{\"@id\":\"https:\/\/grupcomtec.com\/ca\/#\/schema\/logo\/image\/\"}}]}<\/script>\n<!-- \/ Yoast SEO plugin. -->","yoast_head_json":{"title":"Blog - Grup ComTec","description":"Blog Grup ComTec sobre temes de Tecnologia, ONAP ERP i Tend\u00e8ncies. Consultoria i Assessoria digital per la transformaci\u00f3 digital.","robots":{"index":"index","follow":"follow","max-snippet":"max-snippet:-1","max-image-preview":"max-image-preview:large","max-video-preview":"max-video-preview:-1"},"canonical":"https:\/\/grupcomtec.com\/ca\/blog\/","og_locale":"ca_ES","og_type":"article","og_title":"Blog - Grup ComTec","og_description":"Blog Grup ComTec sobre temes de Tecnologia, ONAP ERP i Tend\u00e8ncies. Consultoria i Assessoria digital per la transformaci\u00f3 digital.","og_url":"https:\/\/grupcomtec.com\/ca\/blog\/","og_site_name":"Grup ComTec","article_modified_time":"2023-08-24T07:12:25+00:00","twitter_card":"summary_large_image","twitter_misc":{"Temps estimat de lectura":"2 minuts"},"schema":{"@context":"https:\/\/schema.org","@graph":[{"@type":"WebPage","@id":"https:\/\/grupcomtec.com\/ca\/blog\/","url":"https:\/\/grupcomtec.com\/ca\/blog\/","name":"Blog - Grup ComTec","isPartOf":{"@id":"https:\/\/grupcomtec.com\/ca\/#website"},"datePublished":"2021-04-09T18:58:45+00:00","dateModified":"2023-08-24T07:12:25+00:00","description":"Blog Grup ComTec sobre temes de Tecnologia, ONAP ERP i Tend\u00e8ncies. Consultoria i Assessoria digital per la transformaci\u00f3 digital.","breadcrumb":{"@id":"https:\/\/grupcomtec.com\/ca\/blog\/#breadcrumb"},"inLanguage":"ca","potentialAction":[{"@type":"ReadAction","target":["https:\/\/grupcomtec.com\/ca\/blog\/"]}]},{"@type":"BreadcrumbList","@id":"https:\/\/grupcomtec.com\/ca\/blog\/#breadcrumb","itemListElement":[{"@type":"ListItem","position":1,"name":"Inici","item":"https:\/\/grupcomtec.com\/ca\/"},{"@type":"ListItem","position":2,"name":"Blog"}]},{"@type":"WebSite","@id":"https:\/\/grupcomtec.com\/ca\/#website","url":"https:\/\/grupcomtec.com\/ca\/","name":"Grup ComTec","description":"Consultoria i assessoria en ERPs per PIMES","publisher":{"@id":"https:\/\/grupcomtec.com\/ca\/#organization"},"potentialAction":[{"@type":"SearchAction","target":{"@type":"EntryPoint","urlTemplate":"https:\/\/grupcomtec.com\/ca\/?s={search_term_string}"},"query-input":{"@type":"PropertyValueSpecification","valueRequired":true,"valueName":"search_term_string"}}],"inLanguage":"ca"},{"@type":"Organization","@id":"https:\/\/grupcomtec.com\/ca\/#organization","name":"Grup ComTec","url":"https:\/\/grupcomtec.com\/ca\/","logo":{"@type":"ImageObject","inLanguage":"ca","@id":"https:\/\/grupcomtec.com\/ca\/#\/schema\/logo\/image\/","url":"https:\/\/grupcomtec.com\/wp-content\/uploads\/2023\/06\/Icones-Data-Studio-2.png","contentUrl":"https:\/\/grupcomtec.com\/wp-content\/uploads\/2023\/06\/Icones-Data-Studio-2.png","width":500,"height":500,"caption":"Grup ComTec"},"image":{"@id":"https:\/\/grupcomtec.com\/ca\/#\/schema\/logo\/image\/"}}]}},"_links":{"self":[{"href":"https:\/\/grupcomtec.com\/ca\/wp-json\/wp\/v2\/pages\/25","targetHints":{"allow":["GET"]}}],"collection":[{"href":"https:\/\/grupcomtec.com\/ca\/wp-json\/wp\/v2\/pages"}],"about":[{"href":"https:\/\/grupcomtec.com\/ca\/wp-json\/wp\/v2\/types\/page"}],"author":[{"embeddable":true,"href":"https:\/\/grupcomtec.com\/ca\/wp-json\/wp\/v2\/users\/2"}],"replies":[{"embeddable":true,"href":"https:\/\/grupcomtec.com\/ca\/wp-json\/wp\/v2\/comments?post=25"}],"version-history":[{"count":0,"href":"https:\/\/grupcomtec.com\/ca\/wp-json\/wp\/v2\/pages\/25\/revisions"}],"wp:attachment":[{"href":"https:\/\/grupcomtec.com\/ca\/wp-json\/wp\/v2\/media?parent=25"}],"curies":[{"name":"wp","href":"https:\/\/api.w.org\/{rel}","templated":true}]}}