{"id":3090,"date":"2025-06-02T14:19:11","date_gmt":"2025-06-02T14:19:11","guid":{"rendered":"https:\/\/grupcomtec.com\/?page_id=3090"},"modified":"2025-06-02T14:23:52","modified_gmt":"2025-06-02T14:23:52","slug":"politica-de-cookies","status":"publish","type":"page","link":"https:\/\/grupcomtec.com\/ca\/politica-de-cookies\/","title":{"rendered":"Pol\u00edtica de cookies"},"content":{"rendered":"<p>Actualitzada: 02\/06\/2025<\/p>\n<p>El lloc web https:\/\/grupcomtec.com\/ \u00e9s responsabilitat JOSEP M\u00aa ROCA TABERNER (en endavant GRUP COMTEC), amb domicili social C\/Pompeu Fabra, 21 \u2013 17403 \u2013 Sant Hilari de Sacalm (Girona) , amb DNI: 40309385E i adre\u00e7a de correu electr\u00f2nic: j.roca@grupcomtec.com<\/p>\n<p>Conseq\u00fcentment, la utilitzaci\u00f3 de cookies se li aplica la present \u201cPol\u00edtica d\u2019\u00das de Cookies\u201d que ha estat elaborada per tal que l\u2019usuari quedi informat dels diferents usos que es duen a terme en aquests dispositius i, pugui consentir el seu tractament de manera informada, de conformitat amb el que preveu la legislaci\u00f3 vigent.<\/p>\n<h4>Qu\u00e8 s\u00f3n les galetes?<\/h4>\n<p>Aquesta Pol\u00edtica de cookies explica qu\u00e8 s\u00f3n les cookies i com les utilitzem, els tipus de cookies que utilitzem, \u00e9s a dir, la informaci\u00f3 que recopilem mitjan\u00e7ant cookies i com s&#8217;utilitza aquesta informaci\u00f3, i com gestionar la configuraci\u00f3 de les cookies.<\/p>\n<p>Les galetes (cookies) s\u00f3n petits fitxers de text que s&#8217;utilitzen per emmagatzemar petites dades. S&#8217;emmagatzemen al dispositiu quan es carrega el lloc web al navegador. Aquestes galetes ens ajuden a fer que el lloc web funcioni correctament, a fer-lo m\u00e9s segur, a proporcionar una millor experi\u00e8ncia d&#8217;usuari, a entendre com funciona el lloc web i a analitzar qu\u00e8 funciona i on cal millorar.<\/p>\n<p>&nbsp;<\/p>\n<h4>Com fem servir les galetes?<\/h4>\n<p>Com la majoria dels serveis en l\u00ednia, el nostre lloc web utilitza cookies pr\u00f2pies i de tercers per a diversos prop\u00f2sits. Les cookies pr\u00f2pies s\u00f3n majorit\u00e0riament necess\u00e0ries perqu\u00e8 el lloc web funcioni correctament i no recopilen cap dada personal identificable.<\/p>\n<p>Les galetes de tercers que fem servir al nostre lloc web serveixen principalment per entendre com funciona el lloc web, com interactueu amb el nostre lloc web, mantenir els nostres serveis segurs, proporcionar anuncis rellevants per a vosaltres i, en definitiva, proporcionar-vos una experi\u00e8ncia d&#8217;usuari millor i millorada i ajudar a accelerar les vostres futures interaccions amb el nostre lloc web.<\/p>\n<p>[wcc_category_list]<\/p>\n<p>&nbsp;<\/p>\n<h4>Gestionar les prefer\u00e8ncies de galetes<\/h4>\n<p>Podeu canviar les vostres prefer\u00e8ncies de cookies en qualsevol moment fent clic al bot\u00f3 [wcc_preference_button]. Aix\u00f2 us permetr\u00e0 tornar a visitar el b\u00e0ner de consentiment de cookies i canviar les vostres prefer\u00e8ncies o retirar el vostre consentiment immediatament. A m\u00e9s d&#8217;aix\u00f2, els diferents navegadors ofereixen diferents m\u00e8todes per bloquejar i eliminar les cookies que utilitzen els llocs web. Podeu canviar la configuraci\u00f3 del vostre navegador per bloquejar\/eliminar les cookies. A continuaci\u00f3 trobareu els enlla\u00e7os als documents de suport sobre com gestionar i eliminar les cookies dels principals navegadors web.<\/p>\n<p>Chrome: <a href=\"https:\/\/support.google.com\/accounts\/answer\/32050\"> https:\/\/support.google.com\/accounts\/answer\/32050<\/a><\/p>\n<p>Safari: <a href=\"https:\/\/support.apple.com\/en-in\/guide\/safari\/sfri11471\/mac\">https:\/\/support.apple.com\/en-in\/guide\/safari\/sfri11471\/mac<\/a><\/p>\n<p>Firefox: <a href=\"https:\/\/support.mozilla.org\/en-US\/kb\/clear-cookies-and-site-data-firefox?redirectslug=delete-cookies-remove-info-websites-stored&amp;redirectlocale=en-US\">https:\/\/support.mozilla.org\/en-US\/kb\/clear-cookies-and-site-data-firefox?redirectslug=delete-cookies-remove-info-websites-stored&amp;redirectlocale=en-US<\/a><\/p>\n<p>Microsoft Edge: <a href=\"https:\/\/support.microsoft.com\/en-us\/microsoft-edge\/delete-cookies-in-microsoft-edge-63947406-40ac-c3b8-57b9-2a946a29ae09\"> Delete cookies in Microsoft Edge &#8211; Microsoft Support<\/a><\/p>\n<p>Si feu servir qualsevol altre navegador web, visiteu els documents de suport oficials del vostre navegador.<\/p>\n","protected":false},"excerpt":{"rendered":"<p>Actualitzada: 02\/06\/2025 El lloc web https:\/\/grupcomtec.com\/ \u00e9s responsabilitat JOSEP M\u00aa [&hellip;]<\/p>\n","protected":false},"author":3,"featured_media":0,"parent":0,"menu_order":300,"comment_status":"closed","ping_status":"closed","template":"","meta":{"footnotes":""},"class_list":["post-3090","page","type-page","status-publish","hentry"],"yoast_head":"<!-- This site is optimized with the Yoast SEO plugin v25.2 - https:\/\/yoast.com\/wordpress\/plugins\/seo\/ -->\n<title>Pol\u00edtica de cookies - Grup ComTec<\/title>\n<meta name=\"robots\" content=\"noindex, nofollow\" \/>\n<meta property=\"og:locale\" content=\"ca_ES\" \/>\n<meta property=\"og:type\" content=\"article\" \/>\n<meta property=\"og:title\" content=\"Pol\u00edtica de cookies - Grup ComTec\" \/>\n<meta property=\"og:description\" content=\"Actualitzada: 02\/06\/2025 El lloc web https:\/\/grupcomtec.com\/ \u00e9s responsabilitat JOSEP M\u00aa [&hellip;]\" \/>\n<meta property=\"og:url\" content=\"https:\/\/grupcomtec.com\/ca\/politica-de-cookies\/\" \/>\n<meta property=\"og:site_name\" content=\"Grup ComTec\" \/>\n<meta property=\"article:modified_time\" content=\"2025-06-02T14:23:52+00:00\" \/>\n<meta name=\"twitter:card\" content=\"summary_large_image\" \/>\n<meta name=\"twitter:label1\" content=\"Temps estimat de lectura\" \/>\n\t<meta name=\"twitter:data1\" content=\"3 minuts\" \/>\n<script type=\"application\/ld+json\" class=\"yoast-schema-graph\">{\"@context\":\"https:\/\/schema.org\",\"@graph\":[{\"@type\":\"WebPage\",\"@id\":\"https:\/\/grupcomtec.com\/ca\/politica-de-cookies\/\",\"url\":\"https:\/\/grupcomtec.com\/ca\/politica-de-cookies\/\",\"name\":\"Pol\u00edtica de cookies - Grup ComTec\",\"isPartOf\":{\"@id\":\"https:\/\/grupcomtec.com\/ca\/#website\"},\"datePublished\":\"2025-06-02T14:19:11+00:00\",\"dateModified\":\"2025-06-02T14:23:52+00:00\",\"breadcrumb\":{\"@id\":\"https:\/\/grupcomtec.com\/ca\/politica-de-cookies\/#breadcrumb\"},\"inLanguage\":\"ca\",\"potentialAction\":[{\"@type\":\"ReadAction\",\"target\":[\"https:\/\/grupcomtec.com\/ca\/politica-de-cookies\/\"]}]},{\"@type\":\"BreadcrumbList\",\"@id\":\"https:\/\/grupcomtec.com\/ca\/politica-de-cookies\/#breadcrumb\",\"itemListElement\":[{\"@type\":\"ListItem\",\"position\":1,\"name\":\"Inici\",\"item\":\"https:\/\/grupcomtec.com\/ca\/\"},{\"@type\":\"ListItem\",\"position\":2,\"name\":\"Pol\u00edtica de cookies\"}]},{\"@type\":\"WebSite\",\"@id\":\"https:\/\/grupcomtec.com\/ca\/#website\",\"url\":\"https:\/\/grupcomtec.com\/ca\/\",\"name\":\"Grup ComTec\",\"description\":\"Consultoria i assessoria en ERPs per PIMES\",\"publisher\":{\"@id\":\"https:\/\/grupcomtec.com\/ca\/#organization\"},\"potentialAction\":[{\"@type\":\"SearchAction\",\"target\":{\"@type\":\"EntryPoint\",\"urlTemplate\":\"https:\/\/grupcomtec.com\/ca\/?s={search_term_string}\"},\"query-input\":{\"@type\":\"PropertyValueSpecification\",\"valueRequired\":true,\"valueName\":\"search_term_string\"}}],\"inLanguage\":\"ca\"},{\"@type\":\"Organization\",\"@id\":\"https:\/\/grupcomtec.com\/ca\/#organization\",\"name\":\"Grup ComTec\",\"url\":\"https:\/\/grupcomtec.com\/ca\/\",\"logo\":{\"@type\":\"ImageObject\",\"inLanguage\":\"ca\",\"@id\":\"https:\/\/grupcomtec.com\/ca\/#\/schema\/logo\/image\/\",\"url\":\"https:\/\/grupcomtec.com\/wp-content\/uploads\/2023\/06\/Icones-Data-Studio-2.png\",\"contentUrl\":\"https:\/\/grupcomtec.com\/wp-content\/uploads\/2023\/06\/Icones-Data-Studio-2.png\",\"width\":500,\"height\":500,\"caption\":\"Grup ComTec\"},\"image\":{\"@id\":\"https:\/\/grupcomtec.com\/ca\/#\/schema\/logo\/image\/\"}}]}<\/script>\n<!-- \/ Yoast SEO plugin. -->","yoast_head_json":{"title":"Pol\u00edtica de cookies - Grup ComTec","robots":{"index":"noindex","follow":"nofollow"},"og_locale":"ca_ES","og_type":"article","og_title":"Pol\u00edtica de cookies - Grup ComTec","og_description":"Actualitzada: 02\/06\/2025 El lloc web https:\/\/grupcomtec.com\/ \u00e9s responsabilitat JOSEP M\u00aa [&hellip;]","og_url":"https:\/\/grupcomtec.com\/ca\/politica-de-cookies\/","og_site_name":"Grup ComTec","article_modified_time":"2025-06-02T14:23:52+00:00","twitter_card":"summary_large_image","twitter_misc":{"Temps estimat de lectura":"3 minuts"},"schema":{"@context":"https:\/\/schema.org","@graph":[{"@type":"WebPage","@id":"https:\/\/grupcomtec.com\/ca\/politica-de-cookies\/","url":"https:\/\/grupcomtec.com\/ca\/politica-de-cookies\/","name":"Pol\u00edtica de cookies - Grup ComTec","isPartOf":{"@id":"https:\/\/grupcomtec.com\/ca\/#website"},"datePublished":"2025-06-02T14:19:11+00:00","dateModified":"2025-06-02T14:23:52+00:00","breadcrumb":{"@id":"https:\/\/grupcomtec.com\/ca\/politica-de-cookies\/#breadcrumb"},"inLanguage":"ca","potentialAction":[{"@type":"ReadAction","target":["https:\/\/grupcomtec.com\/ca\/politica-de-cookies\/"]}]},{"@type":"BreadcrumbList","@id":"https:\/\/grupcomtec.com\/ca\/politica-de-cookies\/#breadcrumb","itemListElement":[{"@type":"ListItem","position":1,"name":"Inici","item":"https:\/\/grupcomtec.com\/ca\/"},{"@type":"ListItem","position":2,"name":"Pol\u00edtica de cookies"}]},{"@type":"WebSite","@id":"https:\/\/grupcomtec.com\/ca\/#website","url":"https:\/\/grupcomtec.com\/ca\/","name":"Grup ComTec","description":"Consultoria i assessoria en ERPs per PIMES","publisher":{"@id":"https:\/\/grupcomtec.com\/ca\/#organization"},"potentialAction":[{"@type":"SearchAction","target":{"@type":"EntryPoint","urlTemplate":"https:\/\/grupcomtec.com\/ca\/?s={search_term_string}"},"query-input":{"@type":"PropertyValueSpecification","valueRequired":true,"valueName":"search_term_string"}}],"inLanguage":"ca"},{"@type":"Organization","@id":"https:\/\/grupcomtec.com\/ca\/#organization","name":"Grup ComTec","url":"https:\/\/grupcomtec.com\/ca\/","logo":{"@type":"ImageObject","inLanguage":"ca","@id":"https:\/\/grupcomtec.com\/ca\/#\/schema\/logo\/image\/","url":"https:\/\/grupcomtec.com\/wp-content\/uploads\/2023\/06\/Icones-Data-Studio-2.png","contentUrl":"https:\/\/grupcomtec.com\/wp-content\/uploads\/2023\/06\/Icones-Data-Studio-2.png","width":500,"height":500,"caption":"Grup ComTec"},"image":{"@id":"https:\/\/grupcomtec.com\/ca\/#\/schema\/logo\/image\/"}}]}},"_links":{"self":[{"href":"https:\/\/grupcomtec.com\/ca\/wp-json\/wp\/v2\/pages\/3090","targetHints":{"allow":["GET"]}}],"collection":[{"href":"https:\/\/grupcomtec.com\/ca\/wp-json\/wp\/v2\/pages"}],"about":[{"href":"https:\/\/grupcomtec.com\/ca\/wp-json\/wp\/v2\/types\/page"}],"author":[{"embeddable":true,"href":"https:\/\/grupcomtec.com\/ca\/wp-json\/wp\/v2\/users\/3"}],"replies":[{"embeddable":true,"href":"https:\/\/grupcomtec.com\/ca\/wp-json\/wp\/v2\/comments?post=3090"}],"version-history":[{"count":3,"href":"https:\/\/grupcomtec.com\/ca\/wp-json\/wp\/v2\/pages\/3090\/revisions"}],"predecessor-version":[{"id":3098,"href":"https:\/\/grupcomtec.com\/ca\/wp-json\/wp\/v2\/pages\/3090\/revisions\/3098"}],"wp:attachment":[{"href":"https:\/\/grupcomtec.com\/ca\/wp-json\/wp\/v2\/media?parent=3090"}],"curies":[{"name":"wp","href":"https:\/\/api.w.org\/{rel}","templated":true}]}}