{"id":3095,"date":"2025-06-02T14:19:11","date_gmt":"2025-06-02T14:19:11","guid":{"rendered":"https:\/\/grupcomtec.com\/politica-de-cookies\/"},"modified":"2025-06-02T14:22:29","modified_gmt":"2025-06-02T14:22:29","slug":"politica-de-cookies","status":"publish","type":"page","link":"https:\/\/grupcomtec.com\/es\/politica-de-cookies\/","title":{"rendered":"Pol\u00edtica de cookies"},"content":{"rendered":"<p>Actualizada: 02\/06\/2025<\/p>\n<p>El sitio web https:\/\/grupcomtec.com\/ es responsabilidad JOSEP M\u00aa ROCA TABERNER (en adelante GRUPO COMTEC), con domicilio social C\/Pompeu Fabra, 21 \u2013 17403 \u2013 Sant Hilari de Sacalm (Girona), con DNI: 40309385E y direcci\u00f3n de correo electr\u00f3nico: j.roca@grupcomtec.com<\/p>\n<p>Consecuentemente, la utilizaci\u00f3n de cookies se le aplica la presente \u201cPol\u00edtica de Uso de Cookies\u201d que ha sido elaborada para que el usuario quede informado de los distintos usos que se llevan a cabo en estos dispositivos y, pueda consentir su tratamiento de forma informada, de conformidad con lo que prev\u00e9 la legislaci\u00f3n vigente.<\/p>\n<h4>\u00bfQu\u00e9 son las galletas?<\/h4>\n<p>Esta Pol\u00edtica de cookies explica qu\u00e9 son las cookies y c\u00f3mo las utilizamos, los tipos de cookies que utilizamos, es decir, la informaci\u00f3n que recopilamos mediante cookies y c\u00f3mo se utiliza esta informaci\u00f3n, y c\u00f3mo gestionar la configuraci\u00f3n de las cookies.<\/p>\n<p>Las cookies (cookies) son peque\u00f1os archivos de texto que se utilizan para almacenar peque\u00f1os datos. Se almacenan en el dispositivo cuando se carga el sitio web en el navegador.<\/p>\n<p>&nbsp;<\/p>\n<h4>\u00bfC\u00f3mo utilizamos las cookies?<\/h4>\n<p>Como la mayor\u00eda de los servicios online, nuestro sitio web utiliza cookies propias y de terceros para diversos prop\u00f3sitos. Las cookies propias son mayoritariamente necesarias para que el sitio web funcione correctamente y no recopilan ning\u00fan dato personal identificable.<\/p>\n<p>Las cookies de terceros que utilizamos en nuestro sitio web sirven principalmente para entender c\u00f3mo funciona el sitio web, c\u00f3mo interact\u00faa con nuestro sitio web, mantener nuestros servicios seguros, proporcionar anuncios relevantes para usted y, en definitiva, proporcionarle una experiencia de usuario mejor y mejorada y ayudar a acelerar sus futuras interacciones con nuestro sitio web.<\/p>\n<p>[wcc_category_list]<\/p>\n<p>&nbsp;<\/p>\n<h4>Gestionar las preferencias de cookies<\/h4>\n<p>Puede cambiar sus preferencias de cookies en cualquier momento haciendo clic en el bot\u00f3n [wcc_preference_button]. Esto le permitir\u00e1 volver a visitar el banner de consentimiento de cookies y cambiar sus preferencias o retirar su consentimiento de inmediato. Adem\u00e1s de esto, los distintos navegadores ofrecen distintos m\u00e9todos para bloquear y eliminar las cookies que utilizan los sitios web. Puede cambiar la configuraci\u00f3n de su navegador para bloquear\/eliminar las cookies. A continuaci\u00f3n encontrar\u00e1 los enlaces a los documentos de soporte sobre c\u00f3mo gestionar y eliminar las cookies de los principales navegadores web.<\/p>\n<p>Chrome: <a href=\"https:\/\/support.google.com\/accounts\/answer\/32050\"> https:\/\/support.google.com\/accounts\/answer\/32050<\/a><\/p>\n<p>Safari: <a href=\"https:\/\/support.apple.com\/en-in\/guide\/safari\/sfri11471\/mac\">https:\/\/support.apple.com\/en-in\/guide\/safari\/sfri11471\/mac<\/a><\/p>\n<p>Firefox: <a href=\"https:\/\/support.mozilla.org\/en-US\/kb\/clear-cookies-and-site-data-firefox?redirectslug=delete-cookies-remove-info-websites-stored&amp;redirectlocale=en-US\">https:\/\/support.mozilla.org\/en-US\/kb\/clear-cookies-and-site-data-firefox?redirectslug=delete-cookies-remove-info-websites-stored&amp;redirectlocale=en-US<\/a><\/p>\n<p>Microsoft Edge: <a href=\"https:\/\/support.microsoft.com\/en-us\/microsoft-edge\/delete-cookies-in-microsoft-edge-63947406-40ac-c3b8-57b9-2a946a29ae09\"> Delete cookies in Microsoft Edge &#8211; Microsoft Support<\/a><\/p>\n<p>Si utiliza cualquier otro navegador web, visite los documentos de apoyo oficiales de su navegador.<\/p>\n","protected":false},"excerpt":{"rendered":"<p>Actualizada: 02\/06\/2025 El sitio web https:\/\/grupcomtec.com\/ es responsabilidad JOSEP M\u00aa [&hellip;]<\/p>\n","protected":false},"author":3,"featured_media":0,"parent":0,"menu_order":300,"comment_status":"closed","ping_status":"closed","template":"","meta":{"footnotes":""},"class_list":["post-3095","page","type-page","status-publish","hentry"],"yoast_head":"<!-- This site is optimized with the Yoast SEO plugin v25.2 - https:\/\/yoast.com\/wordpress\/plugins\/seo\/ -->\n<title>Pol\u00edtica de cookies - Grup ComTec<\/title>\n<meta name=\"robots\" content=\"noindex, nofollow\" \/>\n<meta property=\"og:locale\" content=\"es_ES\" \/>\n<meta property=\"og:type\" content=\"article\" \/>\n<meta property=\"og:title\" content=\"Pol\u00edtica de cookies - Grup ComTec\" \/>\n<meta property=\"og:description\" content=\"Actualizada: 02\/06\/2025 El sitio web https:\/\/grupcomtec.com\/ es responsabilidad JOSEP M\u00aa [&hellip;]\" \/>\n<meta property=\"og:url\" content=\"https:\/\/grupcomtec.com\/es\/politica-de-cookies\/\" \/>\n<meta property=\"og:site_name\" content=\"Grup ComTec\" \/>\n<meta property=\"article:modified_time\" content=\"2025-06-02T14:22:29+00:00\" \/>\n<meta name=\"twitter:card\" content=\"summary_large_image\" \/>\n<meta name=\"twitter:label1\" content=\"Tiempo de lectura\" \/>\n\t<meta name=\"twitter:data1\" content=\"3 minutos\" \/>\n<script type=\"application\/ld+json\" class=\"yoast-schema-graph\">{\"@context\":\"https:\/\/schema.org\",\"@graph\":[{\"@type\":\"WebPage\",\"@id\":\"https:\/\/grupcomtec.com\/es\/politica-de-cookies\/\",\"url\":\"https:\/\/grupcomtec.com\/es\/politica-de-cookies\/\",\"name\":\"Pol\u00edtica de cookies - Grup ComTec\",\"isPartOf\":{\"@id\":\"https:\/\/grupcomtec.com\/es\/#website\"},\"datePublished\":\"2025-06-02T14:19:11+00:00\",\"dateModified\":\"2025-06-02T14:22:29+00:00\",\"breadcrumb\":{\"@id\":\"https:\/\/grupcomtec.com\/es\/politica-de-cookies\/#breadcrumb\"},\"inLanguage\":\"es\",\"potentialAction\":[{\"@type\":\"ReadAction\",\"target\":[\"https:\/\/grupcomtec.com\/es\/politica-de-cookies\/\"]}]},{\"@type\":\"BreadcrumbList\",\"@id\":\"https:\/\/grupcomtec.com\/es\/politica-de-cookies\/#breadcrumb\",\"itemListElement\":[{\"@type\":\"ListItem\",\"position\":1,\"name\":\"Inici\",\"item\":\"https:\/\/grupcomtec.com\/es\/\"},{\"@type\":\"ListItem\",\"position\":2,\"name\":\"Pol\u00edtica de cookies\"}]},{\"@type\":\"WebSite\",\"@id\":\"https:\/\/grupcomtec.com\/es\/#website\",\"url\":\"https:\/\/grupcomtec.com\/es\/\",\"name\":\"Grup ComTec\",\"description\":\"Consultoria i assessoria en ERPs per PIMES\",\"publisher\":{\"@id\":\"https:\/\/grupcomtec.com\/es\/#organization\"},\"potentialAction\":[{\"@type\":\"SearchAction\",\"target\":{\"@type\":\"EntryPoint\",\"urlTemplate\":\"https:\/\/grupcomtec.com\/es\/?s={search_term_string}\"},\"query-input\":{\"@type\":\"PropertyValueSpecification\",\"valueRequired\":true,\"valueName\":\"search_term_string\"}}],\"inLanguage\":\"es\"},{\"@type\":\"Organization\",\"@id\":\"https:\/\/grupcomtec.com\/es\/#organization\",\"name\":\"Grup ComTec\",\"url\":\"https:\/\/grupcomtec.com\/es\/\",\"logo\":{\"@type\":\"ImageObject\",\"inLanguage\":\"es\",\"@id\":\"https:\/\/grupcomtec.com\/es\/#\/schema\/logo\/image\/\",\"url\":\"https:\/\/grupcomtec.com\/wp-content\/uploads\/2023\/06\/Icones-Data-Studio-2.png\",\"contentUrl\":\"https:\/\/grupcomtec.com\/wp-content\/uploads\/2023\/06\/Icones-Data-Studio-2.png\",\"width\":500,\"height\":500,\"caption\":\"Grup ComTec\"},\"image\":{\"@id\":\"https:\/\/grupcomtec.com\/es\/#\/schema\/logo\/image\/\"}}]}<\/script>\n<!-- \/ Yoast SEO plugin. -->","yoast_head_json":{"title":"Pol\u00edtica de cookies - Grup ComTec","robots":{"index":"noindex","follow":"nofollow"},"og_locale":"es_ES","og_type":"article","og_title":"Pol\u00edtica de cookies - Grup ComTec","og_description":"Actualizada: 02\/06\/2025 El sitio web https:\/\/grupcomtec.com\/ es responsabilidad JOSEP M\u00aa [&hellip;]","og_url":"https:\/\/grupcomtec.com\/es\/politica-de-cookies\/","og_site_name":"Grup ComTec","article_modified_time":"2025-06-02T14:22:29+00:00","twitter_card":"summary_large_image","twitter_misc":{"Tiempo de lectura":"3 minutos"},"schema":{"@context":"https:\/\/schema.org","@graph":[{"@type":"WebPage","@id":"https:\/\/grupcomtec.com\/es\/politica-de-cookies\/","url":"https:\/\/grupcomtec.com\/es\/politica-de-cookies\/","name":"Pol\u00edtica de cookies - Grup ComTec","isPartOf":{"@id":"https:\/\/grupcomtec.com\/es\/#website"},"datePublished":"2025-06-02T14:19:11+00:00","dateModified":"2025-06-02T14:22:29+00:00","breadcrumb":{"@id":"https:\/\/grupcomtec.com\/es\/politica-de-cookies\/#breadcrumb"},"inLanguage":"es","potentialAction":[{"@type":"ReadAction","target":["https:\/\/grupcomtec.com\/es\/politica-de-cookies\/"]}]},{"@type":"BreadcrumbList","@id":"https:\/\/grupcomtec.com\/es\/politica-de-cookies\/#breadcrumb","itemListElement":[{"@type":"ListItem","position":1,"name":"Inici","item":"https:\/\/grupcomtec.com\/es\/"},{"@type":"ListItem","position":2,"name":"Pol\u00edtica de cookies"}]},{"@type":"WebSite","@id":"https:\/\/grupcomtec.com\/es\/#website","url":"https:\/\/grupcomtec.com\/es\/","name":"Grup ComTec","description":"Consultoria i assessoria en ERPs per PIMES","publisher":{"@id":"https:\/\/grupcomtec.com\/es\/#organization"},"potentialAction":[{"@type":"SearchAction","target":{"@type":"EntryPoint","urlTemplate":"https:\/\/grupcomtec.com\/es\/?s={search_term_string}"},"query-input":{"@type":"PropertyValueSpecification","valueRequired":true,"valueName":"search_term_string"}}],"inLanguage":"es"},{"@type":"Organization","@id":"https:\/\/grupcomtec.com\/es\/#organization","name":"Grup ComTec","url":"https:\/\/grupcomtec.com\/es\/","logo":{"@type":"ImageObject","inLanguage":"es","@id":"https:\/\/grupcomtec.com\/es\/#\/schema\/logo\/image\/","url":"https:\/\/grupcomtec.com\/wp-content\/uploads\/2023\/06\/Icones-Data-Studio-2.png","contentUrl":"https:\/\/grupcomtec.com\/wp-content\/uploads\/2023\/06\/Icones-Data-Studio-2.png","width":500,"height":500,"caption":"Grup ComTec"},"image":{"@id":"https:\/\/grupcomtec.com\/es\/#\/schema\/logo\/image\/"}}]}},"_links":{"self":[{"href":"https:\/\/grupcomtec.com\/es\/wp-json\/wp\/v2\/pages\/3095","targetHints":{"allow":["GET"]}}],"collection":[{"href":"https:\/\/grupcomtec.com\/es\/wp-json\/wp\/v2\/pages"}],"about":[{"href":"https:\/\/grupcomtec.com\/es\/wp-json\/wp\/v2\/types\/page"}],"author":[{"embeddable":true,"href":"https:\/\/grupcomtec.com\/es\/wp-json\/wp\/v2\/users\/3"}],"replies":[{"embeddable":true,"href":"https:\/\/grupcomtec.com\/es\/wp-json\/wp\/v2\/comments?post=3095"}],"version-history":[{"count":2,"href":"https:\/\/grupcomtec.com\/es\/wp-json\/wp\/v2\/pages\/3095\/revisions"}],"predecessor-version":[{"id":3097,"href":"https:\/\/grupcomtec.com\/es\/wp-json\/wp\/v2\/pages\/3095\/revisions\/3097"}],"wp:attachment":[{"href":"https:\/\/grupcomtec.com\/es\/wp-json\/wp\/v2\/media?parent=3095"}],"curies":[{"name":"wp","href":"https:\/\/api.w.org\/{rel}","templated":true}]}}